{"id":1813,"date":"2020-12-01T08:53:45","date_gmt":"2020-12-01T08:53:45","guid":{"rendered":"https:\/\/fairrubber.cfc.net.in\/?page_id=1813"},"modified":"2022-06-28T07:29:38","modified_gmt":"2022-06-28T06:29:38","slug":"joint-body","status":"publish","type":"page","link":"https:\/\/fairrubber.org\/de\/joint-body\/","title":{"rendered":"Joint body"},"content":{"rendered":"\t\t<div data-elementor-type=\"wp-page\" data-elementor-id=\"1813\" class=\"elementor elementor-1813\">\n\t\t\t\t\t\t<section class=\"elementor-section elementor-top-section elementor-element elementor-element-dcc75cf elementor-section-height-min-height elementor-section-boxed elementor-section-height-default elementor-section-items-middle\" data-id=\"dcc75cf\" data-element_type=\"section\" data-e-type=\"section\" data-settings=\"{&quot;background_background&quot;:&quot;slideshow&quot;,&quot;background_slideshow_gallery&quot;:[{&quot;id&quot;:1681,&quot;url&quot;:&quot;https:\\\/\\\/fairrubber.org\\\/wp-content\\\/uploads\\\/2020\\\/12\\\/imageRE.jpg&quot;}],&quot;background_slideshow_loop&quot;:&quot;yes&quot;,&quot;background_slideshow_slide_duration&quot;:5000,&quot;background_slideshow_slide_transition&quot;:&quot;fade&quot;,&quot;background_slideshow_transition_duration&quot;:500}\">\n\t\t\t\t\t\t<div class=\"elementor-container elementor-column-gap-default\">\n\t\t\t\t\t<div class=\"elementor-column elementor-col-100 elementor-top-column elementor-element elementor-element-3a772de\" data-id=\"3a772de\" data-element_type=\"column\" data-e-type=\"column\">\n\t\t\t<div class=\"elementor-widget-wrap\">\n\t\t\t\t\t\t\t<\/div>\n\t\t<\/div>\n\t\t\t\t\t<\/div>\n\t\t<\/section>\n\t\t\t\t<section class=\"elementor-section elementor-top-section elementor-element elementor-element-9050e71 elementor-section-boxed elementor-section-height-default elementor-section-height-default\" data-id=\"9050e71\" data-element_type=\"section\" data-e-type=\"section\">\n\t\t\t\t\t\t<div class=\"elementor-container elementor-column-gap-default\">\n\t\t\t\t\t<div class=\"elementor-column elementor-col-100 elementor-top-column elementor-element elementor-element-f1ccbc9\" data-id=\"f1ccbc9\" data-element_type=\"column\" data-e-type=\"column\">\n\t\t\t<div class=\"elementor-widget-wrap elementor-element-populated\">\n\t\t\t\t\t\t<div class=\"elementor-element elementor-element-076ec6c elementor-widget elementor-widget-heading\" data-id=\"076ec6c\" data-element_type=\"widget\" data-e-type=\"widget\" data-widget_type=\"heading.default\">\n\t\t\t\t<div class=\"elementor-widget-container\">\n\t\t\t\t\t<h3 class=\"elementor-heading-title elementor-size-default\">FAIR TRADE BASICS - AND WHAT IS A \"JOINT BODY \" ?<\/h3>\t\t\t\t<\/div>\n\t\t\t\t<\/div>\n\t\t\t\t\t<\/div>\n\t\t<\/div>\n\t\t\t\t\t<\/div>\n\t\t<\/section>\n\t\t\t\t<section class=\"elementor-section elementor-top-section elementor-element elementor-element-d97ce57 elementor-section-boxed elementor-section-height-default elementor-section-height-default\" data-id=\"d97ce57\" data-element_type=\"section\" data-e-type=\"section\" data-no-translation=\"\">\n\t\t\t\t\t\t<div class=\"elementor-container elementor-column-gap-default\">\n\t\t\t\t\t<div class=\"elementor-column elementor-col-100 elementor-top-column elementor-element elementor-element-1b61bda\" data-id=\"1b61bda\" data-element_type=\"column\" data-e-type=\"column\">\n\t\t\t<div class=\"elementor-widget-wrap elementor-element-populated\">\n\t\t\t\t\t\t<div class=\"elementor-element elementor-element-5cdaf33 elementor-widget elementor-widget-text-editor\" data-id=\"5cdaf33\" data-element_type=\"widget\" data-e-type=\"widget\" data-widget_type=\"text-editor.default\">\n\t\t\t\t<div class=\"elementor-widget-container\">\n\t\t\t\t\t\t\t\t\t<p>Es gibt keine international verbindliche Definition f\u00fcr \u201a Fairen Handel\u2019. Aber es gibt einige Punkte, die erf\u00fcllt sein sollten, wenn von\u201a fair gehandelten\u2019 Produkten die Rede ist.<\/p>\n<p>Zun\u00e4chst das Ziel des Konzepts\u201a Fairer Handel\u2019: Er soll dazu beitragen, da\u00df\u201a benachteiligte Produzenten\u2019 ihre Arbeits- und Lebensbedingungen etwas verbessern k\u00f6nnen. Zweites Kern-Merkmal des Fairen Handels ist das Bezahlen eines Preises, der die Produktionskosten deckt und den Erzeugern dar\u00fcber hinaus etwas finanziellen Spielraum erm\u00f6glicht: das soll die Fair Trade Pr\u00e4mie leisten. Und es mu\u00df sichergestellt sein, da\u00df diejenigen, die ein Produkt erzeugen, anbauen, &#8230;, auch diejenigen sind, die \u00fcber die Verwendung der Fair Trade Pr\u00e4mie entscheiden: Sie haben das Geld verdient \u2013 sie k\u00f6nnen damit tun, was sie wollen \u2013 kein\u201a G\u00f6nner in \u00dcbersee\u2019 bestimmt, &#8230;<\/p>\n<p><strong>Was hei\u00dft das konkret f\u00fcr den Fairen Handel mit Gummi-Erzeugnissen?<\/strong><\/p>\n<p>Benachteiligte Produzenten\u2019 im Kontext von Naturkautschuk sind an erster Stelle Kleinbauern (und die f\u00fcr sie arbeitenden Zapfer). 80% der Weltproduktion kommt von dieser Gruppe, die besonders betroffen ist, wenn die Weltmarktpreise so niedrig sind, da\u00df sie unter den Gestehungskosten liegen.<\/p>\n<p>Die vom Fair Rubber e.V. festgesetzte Fair Trade Pr\u00e4mie von EUR 0,50\/kg DRC (Dry Rubber Content = Gummi-Trockenmasse) stellt sicher, da\u00df auch in Zeiten von Niedrigpreisen die Kleinbauern nicht nur ihre Gestehungskosten decken k\u00f6nnen, sondern auch noch etwas Geld \u00fcbrig ist f\u00fcr die Ausbildung der Kinder, neue Ger\u00e4tschaften, &#8230; Der jeweilige Vorstand einer Kleinbauern-Vereinigung entscheidet \u00fcber die Verwendung der Fair Trade Pr\u00e4mie.<\/p>\n<p>Nun beziehen die Mitglieder des Fair Rubber Vereins v.a. aus technischen Gr\u00fcnden den Gro\u00dfteil ihres Gummibedarfs von&nbsp;<a href=\"https:\/\/fairrubber.org\/de\/supplier-partners\/\">Plantagen<\/a>: Produkte mit dem Fair Rubber e.V. Logo bed\u00fcrfen \u00fcberwiegend sehr sorgsamer Verarbeitung, was bei Naturkautschuk von Kleinbauern nur bedingt m\u00f6glich ist. In der Regel ist die Plantagenbelegschaft von niedrigen Weltmarktpreisen eher indirekt betroffen: Die Plantagenbesitzer haben (weniger) finanziellen Spielraum, L\u00f6hne zu erh\u00f6hen, Wohnungen zu renovieren, &#8230; Fair Trade Pr\u00e4mien, die \u00fcber den Verein laufen, werden direkt auf Sonderkonten bei den Partner-Plantagen geleitet. Die Entscheidung \u00fcber die Verwendung trifft der sog. Joint Body \u2013 ein von den Arbeiterinnen und Angestellten der jeweiligen Plantage zusammengestelltes Gremium. Einzige Vorgabe ist, da\u00df das Geld der Belegschaft zugute kommt. Ansonsten k\u00f6nnen die Joint Bodies beschlie\u00dfen, was sie wollen (wobei das Management ein Veto hat \u2013 da sich \u201aalles\u2019 ja auf \u201aihrer\u2019 Plantage abspielt). Dieses Vergabeprinzip wurde 1994 f\u00fcr Tee mit dem Fairtrade Siegel entwickelt \u2013 und bew\u00e4hrt sich jetzt ebenso gut auf Kautschukplantagen. Die&nbsp;<a href=\"https:\/\/fairrubber.org\/de\/successful-engagement\/\">Projekte auf den Partnerplantagen<\/a>&nbsp;des Fair Rubber e.V. belegen das.<\/p>\t\t\t\t\t\t\t\t<\/div>\n\t\t\t\t<\/div>\n\t\t\t\t\t<\/div>\n\t\t<\/div>\n\t\t\t\t\t<\/div>\n\t\t<\/section>\n\t\t\t\t<\/div>\n\t\t","protected":false},"excerpt":{"rendered":"<p>FAIR TRADE BASICS &#8211; AND WHAT IS A &#8220;JOINT BODY &#8221; ? Es gibt keine international verbindliche Definition f\u00fcr \u201a Fairen Handel\u2019. Aber es gibt einige Punkte, die erf\u00fcllt sein sollten, wenn von\u201a fair gehandelten\u2019 Produkten die Rede ist. Zun\u00e4chst das Ziel des Konzepts\u201a Fairer Handel\u2019: Er soll dazu beitragen, da\u00df\u201a benachteiligte Produzenten\u2019 ihre Arbeits- [&hellip;]<\/p>\n","protected":false},"author":3,"featured_media":0,"parent":0,"menu_order":0,"comment_status":"closed","ping_status":"closed","template":"","meta":{"site-sidebar-layout":"no-sidebar","site-content-layout":"page-builder","ast-site-content-layout":"default","site-content-style":"default","site-sidebar-style":"default","ast-global-header-display":"","ast-banner-title-visibility":"","ast-main-header-display":"","ast-hfb-above-header-display":"","ast-hfb-below-header-display":"","ast-hfb-mobile-header-display":"","site-post-title":"disabled","ast-breadcrumbs-content":"","ast-featured-img":"disabled","footer-sml-layout":"","ast-disable-related-posts":"","theme-transparent-header-meta":"default","adv-header-id-meta":"","stick-header-meta":"","header-above-stick-meta":"","header-main-stick-meta":"","header-below-stick-meta":"","astra-migrate-meta-layouts":"default","ast-page-background-enabled":"default","ast-page-background-meta":{"desktop":{"background-color":"","background-image":"","background-repeat":"repeat","background-position":"center center","background-size":"auto","background-attachment":"scroll","background-type":"","background-media":"","overlay-type":"","overlay-color":"","overlay-opacity":"","overlay-gradient":""},"tablet":{"background-color":"","background-image":"","background-repeat":"repeat","background-position":"center center","background-size":"auto","background-attachment":"scroll","background-type":"","background-media":"","overlay-type":"","overlay-color":"","overlay-opacity":"","overlay-gradient":""},"mobile":{"background-color":"","background-image":"","background-repeat":"repeat","background-position":"center center","background-size":"auto","background-attachment":"scroll","background-type":"","background-media":"","overlay-type":"","overlay-color":"","overlay-opacity":"","overlay-gradient":""}},"ast-content-background-meta":{"desktop":{"background-color":"var(--ast-global-color-5)","background-image":"","background-repeat":"repeat","background-position":"center center","background-size":"auto","background-attachment":"scroll","background-type":"","background-media":"","overlay-type":"","overlay-color":"","overlay-opacity":"","overlay-gradient":""},"tablet":{"background-color":"var(--ast-global-color-5)","background-image":"","background-repeat":"repeat","background-position":"center center","background-size":"auto","background-attachment":"scroll","background-type":"","background-media":"","overlay-type":"","overlay-color":"","overlay-opacity":"","overlay-gradient":""},"mobile":{"background-color":"var(--ast-global-color-5)","background-image":"","background-repeat":"repeat","background-position":"center center","background-size":"auto","background-attachment":"scroll","background-type":"","background-media":"","overlay-type":"","overlay-color":"","overlay-opacity":"","overlay-gradient":""}},"footnotes":""},"class_list":["post-1813","page","type-page","status-publish","hentry"],"yoast_head":"<!-- This site is optimized with the Yoast SEO plugin v27.5 - https:\/\/yoast.com\/product\/yoast-seo-wordpress\/ -->\n<title>Joint body | FAIR RUBBER<\/title>\n<meta name=\"robots\" content=\"index, follow, max-snippet:-1, max-image-preview:large, max-video-preview:-1\" \/>\n<link rel=\"canonical\" href=\"https:\/\/fairrubber.org\/de\/joint-body\/\" \/>\n<meta property=\"og:locale\" content=\"de_DE\" \/>\n<meta property=\"og:type\" content=\"article\" \/>\n<meta property=\"og:title\" content=\"Joint body | FAIR RUBBER\" \/>\n<meta property=\"og:description\" content=\"FAIR TRADE BASICS &#8211; AND WHAT IS A &#8220;JOINT BODY &#8221; ? Es gibt keine international verbindliche Definition f\u00fcr \u201a Fairen Handel\u2019. Aber es gibt einige Punkte, die erf\u00fcllt sein sollten, wenn von\u201a fair gehandelten\u2019 Produkten die Rede ist. Zun\u00e4chst das Ziel des Konzepts\u201a Fairer Handel\u2019: Er soll dazu beitragen, da\u00df\u201a benachteiligte Produzenten\u2019 ihre Arbeits- [&hellip;]\" \/>\n<meta property=\"og:url\" content=\"https:\/\/fairrubber.org\/de\/joint-body\/\" \/>\n<meta property=\"og:site_name\" content=\"FAIR RUBBER\" \/>\n<meta property=\"article:publisher\" content=\"https:\/\/www.facebook.com\/fairrubber\/?fref=ts\" \/>\n<meta property=\"article:modified_time\" content=\"2022-06-28T06:29:38+00:00\" \/>\n<meta name=\"twitter:card\" content=\"summary_large_image\" \/>\n<meta name=\"twitter:label1\" content=\"Gesch\u00e4tzte Lesezeit\" \/>\n\t<meta name=\"twitter:data1\" content=\"4\u00a0Minuten\" \/>\n<script type=\"application\/ld+json\" class=\"yoast-schema-graph\">{\"@context\":\"https:\\\/\\\/schema.org\",\"@graph\":[{\"@type\":\"WebPage\",\"@id\":\"https:\\\/\\\/fairrubber.org\\\/joint-body\\\/\",\"url\":\"https:\\\/\\\/fairrubber.org\\\/joint-body\\\/\",\"name\":\"Joint body | FAIR RUBBER\",\"isPartOf\":{\"@id\":\"https:\\\/\\\/fairrubber.org\\\/#website\"},\"datePublished\":\"2020-12-01T08:53:45+00:00\",\"dateModified\":\"2022-06-28T06:29:38+00:00\",\"breadcrumb\":{\"@id\":\"https:\\\/\\\/fairrubber.org\\\/joint-body\\\/#breadcrumb\"},\"inLanguage\":\"de\",\"potentialAction\":[{\"@type\":\"ReadAction\",\"target\":[\"https:\\\/\\\/fairrubber.org\\\/joint-body\\\/\"]}]},{\"@type\":\"BreadcrumbList\",\"@id\":\"https:\\\/\\\/fairrubber.org\\\/joint-body\\\/#breadcrumb\",\"itemListElement\":[{\"@type\":\"ListItem\",\"position\":1,\"name\":\"Home\",\"item\":\"https:\\\/\\\/fairrubber.org\\\/\"},{\"@type\":\"ListItem\",\"position\":2,\"name\":\"Joint body\"}]},{\"@type\":\"WebSite\",\"@id\":\"https:\\\/\\\/fairrubber.org\\\/#website\",\"url\":\"https:\\\/\\\/fairrubber.org\\\/\",\"name\":\"FAIR RUBBER\",\"description\":\"\",\"publisher\":{\"@id\":\"https:\\\/\\\/fairrubber.org\\\/#organization\"},\"potentialAction\":[{\"@type\":\"SearchAction\",\"target\":{\"@type\":\"EntryPoint\",\"urlTemplate\":\"https:\\\/\\\/fairrubber.org\\\/?s={search_term_string}\"},\"query-input\":{\"@type\":\"PropertyValueSpecification\",\"valueRequired\":true,\"valueName\":\"search_term_string\"}}],\"inLanguage\":\"de\"},{\"@type\":\"Organization\",\"@id\":\"https:\\\/\\\/fairrubber.org\\\/#organization\",\"name\":\"Fair Rubber\",\"url\":\"https:\\\/\\\/fairrubber.org\\\/\",\"logo\":{\"@type\":\"ImageObject\",\"inLanguage\":\"de\",\"@id\":\"https:\\\/\\\/fairrubber.org\\\/#\\\/schema\\\/logo\\\/image\\\/\",\"url\":\"https:\\\/\\\/fairrubber.org\\\/wp-content\\\/uploads\\\/2021\\\/03\\\/download-2.png\",\"contentUrl\":\"https:\\\/\\\/fairrubber.org\\\/wp-content\\\/uploads\\\/2021\\\/03\\\/download-2.png\",\"width\":306,\"height\":318,\"caption\":\"Fair Rubber\"},\"image\":{\"@id\":\"https:\\\/\\\/fairrubber.org\\\/#\\\/schema\\\/logo\\\/image\\\/\"},\"sameAs\":[\"https:\\\/\\\/www.facebook.com\\\/fairrubber\\\/?fref=ts\"]}]}<\/script>\n<!-- \/ Yoast SEO plugin. -->","yoast_head_json":{"title":"Joint body | FAIR RUBBER","robots":{"index":"index","follow":"follow","max-snippet":"max-snippet:-1","max-image-preview":"max-image-preview:large","max-video-preview":"max-video-preview:-1"},"canonical":"https:\/\/fairrubber.org\/de\/joint-body\/","og_locale":"de_DE","og_type":"article","og_title":"Joint body | FAIR RUBBER","og_description":"FAIR TRADE BASICS &#8211; AND WHAT IS A &#8220;JOINT BODY &#8221; ? Es gibt keine international verbindliche Definition f\u00fcr \u201a Fairen Handel\u2019. Aber es gibt einige Punkte, die erf\u00fcllt sein sollten, wenn von\u201a fair gehandelten\u2019 Produkten die Rede ist. Zun\u00e4chst das Ziel des Konzepts\u201a Fairer Handel\u2019: Er soll dazu beitragen, da\u00df\u201a benachteiligte Produzenten\u2019 ihre Arbeits- [&hellip;]","og_url":"https:\/\/fairrubber.org\/de\/joint-body\/","og_site_name":"FAIR RUBBER","article_publisher":"https:\/\/www.facebook.com\/fairrubber\/?fref=ts","article_modified_time":"2022-06-28T06:29:38+00:00","twitter_card":"summary_large_image","twitter_misc":{"Gesch\u00e4tzte Lesezeit":"4\u00a0Minuten"},"schema":{"@context":"https:\/\/schema.org","@graph":[{"@type":"WebPage","@id":"https:\/\/fairrubber.org\/joint-body\/","url":"https:\/\/fairrubber.org\/joint-body\/","name":"Joint body | FAIR RUBBER","isPartOf":{"@id":"https:\/\/fairrubber.org\/#website"},"datePublished":"2020-12-01T08:53:45+00:00","dateModified":"2022-06-28T06:29:38+00:00","breadcrumb":{"@id":"https:\/\/fairrubber.org\/joint-body\/#breadcrumb"},"inLanguage":"de","potentialAction":[{"@type":"ReadAction","target":["https:\/\/fairrubber.org\/joint-body\/"]}]},{"@type":"BreadcrumbList","@id":"https:\/\/fairrubber.org\/joint-body\/#breadcrumb","itemListElement":[{"@type":"ListItem","position":1,"name":"Home","item":"https:\/\/fairrubber.org\/"},{"@type":"ListItem","position":2,"name":"Joint body"}]},{"@type":"WebSite","@id":"https:\/\/fairrubber.org\/#website","url":"https:\/\/fairrubber.org\/","name":"FAIR RUBBER","description":"","publisher":{"@id":"https:\/\/fairrubber.org\/#organization"},"potentialAction":[{"@type":"SearchAction","target":{"@type":"EntryPoint","urlTemplate":"https:\/\/fairrubber.org\/?s={search_term_string}"},"query-input":{"@type":"PropertyValueSpecification","valueRequired":true,"valueName":"search_term_string"}}],"inLanguage":"de"},{"@type":"Organization","@id":"https:\/\/fairrubber.org\/#organization","name":"Fair Rubber","url":"https:\/\/fairrubber.org\/","logo":{"@type":"ImageObject","inLanguage":"de","@id":"https:\/\/fairrubber.org\/#\/schema\/logo\/image\/","url":"https:\/\/fairrubber.org\/wp-content\/uploads\/2021\/03\/download-2.png","contentUrl":"https:\/\/fairrubber.org\/wp-content\/uploads\/2021\/03\/download-2.png","width":306,"height":318,"caption":"Fair Rubber"},"image":{"@id":"https:\/\/fairrubber.org\/#\/schema\/logo\/image\/"},"sameAs":["https:\/\/www.facebook.com\/fairrubber\/?fref=ts"]}]}},"_links":{"self":[{"href":"https:\/\/fairrubber.org\/de\/wp-json\/wp\/v2\/pages\/1813","targetHints":{"allow":["GET"]}}],"collection":[{"href":"https:\/\/fairrubber.org\/de\/wp-json\/wp\/v2\/pages"}],"about":[{"href":"https:\/\/fairrubber.org\/de\/wp-json\/wp\/v2\/types\/page"}],"author":[{"embeddable":true,"href":"https:\/\/fairrubber.org\/de\/wp-json\/wp\/v2\/users\/3"}],"replies":[{"embeddable":true,"href":"https:\/\/fairrubber.org\/de\/wp-json\/wp\/v2\/comments?post=1813"}],"version-history":[{"count":55,"href":"https:\/\/fairrubber.org\/de\/wp-json\/wp\/v2\/pages\/1813\/revisions"}],"predecessor-version":[{"id":6079,"href":"https:\/\/fairrubber.org\/de\/wp-json\/wp\/v2\/pages\/1813\/revisions\/6079"}],"wp:attachment":[{"href":"https:\/\/fairrubber.org\/de\/wp-json\/wp\/v2\/media?parent=1813"}],"curies":[{"name":"wp","href":"https:\/\/api.w.org\/{rel}","templated":true}]}}