{"id":3,"date":"2020-11-17T03:32:52","date_gmt":"2020-11-17T03:32:52","guid":{"rendered":"https:\/\/fairrubber.cfc.net.in\/?page_id=3"},"modified":"2021-05-17T07:35:38","modified_gmt":"2021-05-17T06:35:38","slug":"privacy-policy","status":"publish","type":"page","link":"https:\/\/fairrubber.org\/de\/privacy-policy\/","title":{"rendered":"DATENSCHUTZ"},"content":{"rendered":"<div data-elementor-type=\"wp-page\" data-elementor-id=\"3\" class=\"elementor elementor-3\">\n\t\t\t\t\t\t<section class=\"elementor-section elementor-top-section elementor-element elementor-element-4a3ec0c elementor-section-boxed elementor-section-height-default elementor-section-height-default\" data-id=\"4a3ec0c\" data-element_type=\"section\" data-e-type=\"section\">\n\t\t\t\t\t\t<div class=\"elementor-container elementor-column-gap-default\">\n\t\t\t\t\t<div class=\"elementor-column elementor-col-100 elementor-top-column elementor-element elementor-element-5f06a72\" data-id=\"5f06a72\" data-element_type=\"column\" data-e-type=\"column\">\n\t\t\t<div class=\"elementor-widget-wrap elementor-element-populated\">\n\t\t\t\t\t\t<div class=\"elementor-element elementor-element-85935b2 elementor-widget elementor-widget-heading\" data-id=\"85935b2\" data-element_type=\"widget\" data-e-type=\"widget\" data-widget_type=\"heading.default\">\n\t\t\t\t<div class=\"elementor-widget-container\">\n\t\t\t\t\t<h3 class=\"elementor-heading-title elementor-size-default\">PRIVACY POLICY<\/h3>\t\t\t\t<\/div>\n\t\t\t\t<\/div>\n\t\t\t\t\t<\/div>\n\t\t<\/div>\n\t\t\t\t\t<\/div>\n\t\t<\/section>\n\t\t\t\t<section class=\"elementor-section elementor-top-section elementor-element elementor-element-87cdfd9 elementor-section-boxed elementor-section-height-default elementor-section-height-default\" data-id=\"87cdfd9\" data-element_type=\"section\" data-e-type=\"section\">\n\t\t\t\t\t\t<div class=\"elementor-container elementor-column-gap-default\">\n\t\t\t\t\t<div class=\"elementor-column elementor-col-100 elementor-top-column elementor-element elementor-element-aa45b1a\" data-id=\"aa45b1a\" data-element_type=\"column\" data-e-type=\"column\">\n\t\t\t<div class=\"elementor-widget-wrap elementor-element-populated\">\n\t\t\t\t\t\t<div class=\"elementor-element elementor-element-b445cb3 elementor-widget elementor-widget-text-editor\" data-id=\"b445cb3\" data-element_type=\"widget\" data-e-type=\"widget\" data-widget_type=\"text-editor.default\">\n\t\t\t\t<div class=\"elementor-widget-container\">\n\t\t\t\t\t\t\t\t\t<h2 class=\"n\">Important note concerning data processing in connection with Google Analytics<\/h2><div><br><\/div>\n<p class=\"n\">This website uses Google Analytics, a web analytics service provided by Google Ireland Limited. If the responsible body for the data processing that occurs via this website has their basis outside of the European Economic area and Switzerland, then the associated Google Analytics data processing is carried out by Google LLC. Google Ireland Limited and Google LLC. will hereinafter be referred to as \u201cGoogle\u201d.<\/p>\n<p>Google Analytics uses \u201ccookies\u201d, which are text files saved on the site visitor\u2019s computer, to help the website analyze their use of the site. The information generated by the cookie (including the truncated IP address) about the use of the website will normally be transmitted to and stored by Google.<\/p>\n<p>Google Analytics is used exclusively with the extension &#8220;_anonymizeIp ()&#8221; on this website. This extension ensures an anonymization of the IP address by truncation and excludes a direct personal reference. Via this extension Google truncates the site visitor\u2019s IP address within member states of the European Union or other parties to the Agreement on the European Economic Area. Only in exceptional situations will the site visitor\u2019s full IP address be transmitted to Google servers in the United States and truncated there. The IP address, that is provided by the site visitor\u2019s browser in using Google Analytics will not be merged by Google with other data from Google.<\/p>\n<p>On behalf of the site operator, Google will use the information collected to evaluate the use of the website, to compile reports on website activity and to provide other website and internet related services to the site operator (Art. 6 (1)( f) GDPR). The legitimate interest in data processing lies in the optimization of this website, the analysis of the use of the website and the adaptation of the content. The interests of the users are adequately protected by the pseudonymization of their data.<\/p>\n<p>Google LLC. ist nach dem sog. Privacy Shield zertifiziert (Listeneintrag&nbsp;<a href=\"https:\/\/www.privacyshield.gov\/participant?id=a2zt000000001L5AAI\" target=\"_blank\" rel=\"noopener\">hier<\/a>) und gew\u00e4hrleistet auf dieser Basis ein angemessenes Datenschutzniveau. Die gesendeten und mit Cookies, Nutzerkennungen (z. B. User-ID) oder Werbe-IDs verkn\u00fcpften Daten werden nach 50 Monaten automatisch gel\u00f6scht. Die L\u00f6schung von Daten, deren Aufbewahrungsdauer erreicht ist, erfolgt automatisch einmal im Monat.<\/p>\n<p>The website visitor may refuse the use of cookies by selecting the appropriate settings in their browser. The website visitor can also prevent Google from collecting information (including their IP address) via cookies and processing this information by downloading this browser plugin and installing it:&nbsp;<a href=\"http:\/\/tools.google.com\/dlpage\/gaoptout\" target=\"_blank\" rel=\"noopener\">http:\/\/tools.google.com\/dlpage\/gaoptout<\/a><\/p>\n<p><span class=\"jtpl-ga-opt-out-text\">The website visitor can prevent data collection via Google Analytics on this website by clicking&nbsp;<a class=\"ga-opt-out-link\">hier<\/a>. An &#8220;Opt-out Cookie&#8221; shall then be applied which shall prevent any future collection of the site visitors data when visiting this website.<\/span><\/p>\n<p>Further information concerning data processing and use by Google, the settings and deactivation possibilities can be found in the Google Privacy Policy (<a href=\"https:\/\/policies.google.com\/privacy\" target=\"_blank\" rel=\"noopener\">https:\/\/policies.google.com\/privacy<\/a>) as well as in the Google Ads Settings (<a href=\"https:\/\/adssettings.google.com\/authenticated\" target=\"_blank\" rel=\"noopener\">https:\/\/adssettings.google.com\/authenticated<\/a>).<\/p>\n<p><\/p>\n<h3><b>reCAPTCHA<\/b><\/h3>\n<p class=\"n\">We use the reCAPTCHA service provided by Google LLC (Google) to protect your submissions via internet submission forms on this site. This plugin checks if you are a person in order to prevent certain website functions from being (ab)used by spam bots (particularly comments). This plugin query includes the sending of the IP address and possibly other data required by Google for the Google reCAPTCHA service. For this purpose your input will be communicated to and used by Google. However, your IP address is previously truncated by Google within member states of the European Union or in other states which are party to the agreement on the European Economic Area and is, as such, anonymized. Only in exceptional cases is a full IP address transmitted to a Google server in the United States and truncated there. On behalf of the operator of this website, Google will use this information to evaluate your use of this service. The IP address provided by reCaptcha from your browser shall not be merged with any other data from Google.<br>This data collection is subject to the data protection regulations of Google (Google Inc.). For more information about Google&#8217;s privacy policy, please visit:&nbsp;<a href=\"https:\/\/policies.google.com\/privacy?hl=en\" target=\"_blank\" rel=\"noopener\">https:\/\/policies.google.com\/privacy?hl=en<\/a><br>By using the reCAPTCHA service, you consent to the processing of data about you by Google in the manner and for the purposes set out above.<\/p>\t\t\t\t\t\t\t\t<\/div>\n\t\t\t\t<\/div>\n\t\t\t\t\t<\/div>\n\t\t<\/div>\n\t\t\t\t\t<\/div>\n\t\t<\/section>\n\t\t\t\t<\/div>","protected":false},"excerpt":{"rendered":"<p>PRIVACY POLICY Important note concerning data processing in connection with Google Analytics This website uses Google Analytics, a web analytics service provided by Google Ireland Limited. If the responsible body for the data processing that occurs via this website has their basis outside of the European Economic area and Switzerland, then the associated Google Analytics [&hellip;]<\/p>\n","protected":false},"author":3,"featured_media":0,"parent":0,"menu_order":0,"comment_status":"closed","ping_status":"open","template":"","meta":{"site-sidebar-layout":"no-sidebar","site-content-layout":"page-builder","ast-site-content-layout":"default","site-content-style":"default","site-sidebar-style":"default","ast-global-header-display":"","ast-banner-title-visibility":"","ast-main-header-display":"","ast-hfb-above-header-display":"","ast-hfb-below-header-display":"","ast-hfb-mobile-header-display":"","site-post-title":"disabled","ast-breadcrumbs-content":"","ast-featured-img":"disabled","footer-sml-layout":"","ast-disable-related-posts":"","theme-transparent-header-meta":"default","adv-header-id-meta":"","stick-header-meta":"","header-above-stick-meta":"","header-main-stick-meta":"","header-below-stick-meta":"","astra-migrate-meta-layouts":"default","ast-page-background-enabled":"default","ast-page-background-meta":{"desktop":{"background-color":"","background-image":"","background-repeat":"repeat","background-position":"center center","background-size":"auto","background-attachment":"scroll","background-type":"","background-media":"","overlay-type":"","overlay-color":"","overlay-opacity":"","overlay-gradient":""},"tablet":{"background-color":"","background-image":"","background-repeat":"repeat","background-position":"center center","background-size":"auto","background-attachment":"scroll","background-type":"","background-media":"","overlay-type":"","overlay-color":"","overlay-opacity":"","overlay-gradient":""},"mobile":{"background-color":"","background-image":"","background-repeat":"repeat","background-position":"center center","background-size":"auto","background-attachment":"scroll","background-type":"","background-media":"","overlay-type":"","overlay-color":"","overlay-opacity":"","overlay-gradient":""}},"ast-content-background-meta":{"desktop":{"background-color":"var(--ast-global-color-5)","background-image":"","background-repeat":"repeat","background-position":"center center","background-size":"auto","background-attachment":"scroll","background-type":"","background-media":"","overlay-type":"","overlay-color":"","overlay-opacity":"","overlay-gradient":""},"tablet":{"background-color":"var(--ast-global-color-5)","background-image":"","background-repeat":"repeat","background-position":"center center","background-size":"auto","background-attachment":"scroll","background-type":"","background-media":"","overlay-type":"","overlay-color":"","overlay-opacity":"","overlay-gradient":""},"mobile":{"background-color":"var(--ast-global-color-5)","background-image":"","background-repeat":"repeat","background-position":"center center","background-size":"auto","background-attachment":"scroll","background-type":"","background-media":"","overlay-type":"","overlay-color":"","overlay-opacity":"","overlay-gradient":""}},"footnotes":""},"class_list":["post-3","page","type-page","status-publish","hentry"],"yoast_head":"<!-- This site is optimized with the Yoast SEO plugin v27.4 - https:\/\/yoast.com\/product\/yoast-seo-wordpress\/ -->\n<title>Privacy Policy | FAIR RUBBER<\/title>\n<meta name=\"robots\" content=\"index, follow, max-snippet:-1, max-image-preview:large, max-video-preview:-1\" \/>\n<link rel=\"canonical\" href=\"https:\/\/fairrubber.org\/de\/privacy-policy\/\" \/>\n<meta property=\"og:locale\" content=\"de_DE\" \/>\n<meta property=\"og:type\" content=\"article\" \/>\n<meta property=\"og:title\" content=\"Privacy Policy | FAIR RUBBER\" \/>\n<meta property=\"og:description\" content=\"PRIVACY POLICY Important note concerning data processing in connection with Google Analytics This website uses Google Analytics, a web analytics service provided by Google Ireland Limited. If the responsible body for the data processing that occurs via this website has their basis outside of the European Economic area and Switzerland, then the associated Google Analytics [&hellip;]\" \/>\n<meta property=\"og:url\" content=\"https:\/\/fairrubber.org\/de\/privacy-policy\/\" \/>\n<meta property=\"og:site_name\" content=\"FAIR RUBBER\" \/>\n<meta property=\"article:publisher\" content=\"https:\/\/www.facebook.com\/fairrubber\/?fref=ts\" \/>\n<meta property=\"article:modified_time\" content=\"2021-05-17T06:35:38+00:00\" \/>\n<meta name=\"twitter:card\" content=\"summary_large_image\" \/>\n<meta name=\"twitter:label1\" content=\"Gesch\u00e4tzte Lesezeit\" \/>\n\t<meta name=\"twitter:data1\" content=\"4\u00a0Minuten\" \/>\n<script type=\"application\/ld+json\" class=\"yoast-schema-graph\">{\"@context\":\"https:\\\/\\\/schema.org\",\"@graph\":[{\"@type\":\"WebPage\",\"@id\":\"https:\\\/\\\/fairrubber.org\\\/de\\\/privacy-policy\\\/\",\"url\":\"https:\\\/\\\/fairrubber.org\\\/de\\\/privacy-policy\\\/\",\"name\":\"Privacy Policy | FAIR RUBBER\",\"isPartOf\":{\"@id\":\"https:\\\/\\\/fairrubber.org\\\/#website\"},\"datePublished\":\"2020-11-17T03:32:52+00:00\",\"dateModified\":\"2021-05-17T06:35:38+00:00\",\"breadcrumb\":{\"@id\":\"https:\\\/\\\/fairrubber.org\\\/de\\\/privacy-policy\\\/#breadcrumb\"},\"inLanguage\":\"de\",\"potentialAction\":[{\"@type\":\"ReadAction\",\"target\":[\"https:\\\/\\\/fairrubber.org\\\/de\\\/privacy-policy\\\/\"]}]},{\"@type\":\"BreadcrumbList\",\"@id\":\"https:\\\/\\\/fairrubber.org\\\/de\\\/privacy-policy\\\/#breadcrumb\",\"itemListElement\":[{\"@type\":\"ListItem\",\"position\":1,\"name\":\"Home\",\"item\":\"https:\\\/\\\/fairrubber.org\\\/\"},{\"@type\":\"ListItem\",\"position\":2,\"name\":\"Privacy Policy\"}]},{\"@type\":\"WebSite\",\"@id\":\"https:\\\/\\\/fairrubber.org\\\/#website\",\"url\":\"https:\\\/\\\/fairrubber.org\\\/\",\"name\":\"FAIR RUBBER\",\"description\":\"\",\"publisher\":{\"@id\":\"https:\\\/\\\/fairrubber.org\\\/#organization\"},\"potentialAction\":[{\"@type\":\"SearchAction\",\"target\":{\"@type\":\"EntryPoint\",\"urlTemplate\":\"https:\\\/\\\/fairrubber.org\\\/?s={search_term_string}\"},\"query-input\":{\"@type\":\"PropertyValueSpecification\",\"valueRequired\":true,\"valueName\":\"search_term_string\"}}],\"inLanguage\":\"de\"},{\"@type\":\"Organization\",\"@id\":\"https:\\\/\\\/fairrubber.org\\\/#organization\",\"name\":\"Fair Rubber\",\"url\":\"https:\\\/\\\/fairrubber.org\\\/\",\"logo\":{\"@type\":\"ImageObject\",\"inLanguage\":\"de\",\"@id\":\"https:\\\/\\\/fairrubber.org\\\/#\\\/schema\\\/logo\\\/image\\\/\",\"url\":\"https:\\\/\\\/fairrubber.org\\\/wp-content\\\/uploads\\\/2021\\\/03\\\/download-2.png\",\"contentUrl\":\"https:\\\/\\\/fairrubber.org\\\/wp-content\\\/uploads\\\/2021\\\/03\\\/download-2.png\",\"width\":306,\"height\":318,\"caption\":\"Fair Rubber\"},\"image\":{\"@id\":\"https:\\\/\\\/fairrubber.org\\\/#\\\/schema\\\/logo\\\/image\\\/\"},\"sameAs\":[\"https:\\\/\\\/www.facebook.com\\\/fairrubber\\\/?fref=ts\"]}]}<\/script>\n<!-- \/ Yoast SEO plugin. -->","yoast_head_json":{"title":"Privacy Policy | FAIR RUBBER","robots":{"index":"index","follow":"follow","max-snippet":"max-snippet:-1","max-image-preview":"max-image-preview:large","max-video-preview":"max-video-preview:-1"},"canonical":"https:\/\/fairrubber.org\/de\/privacy-policy\/","og_locale":"de_DE","og_type":"article","og_title":"Privacy Policy | FAIR RUBBER","og_description":"PRIVACY POLICY Important note concerning data processing in connection with Google Analytics This website uses Google Analytics, a web analytics service provided by Google Ireland Limited. If the responsible body for the data processing that occurs via this website has their basis outside of the European Economic area and Switzerland, then the associated Google Analytics [&hellip;]","og_url":"https:\/\/fairrubber.org\/de\/privacy-policy\/","og_site_name":"FAIR RUBBER","article_publisher":"https:\/\/www.facebook.com\/fairrubber\/?fref=ts","article_modified_time":"2021-05-17T06:35:38+00:00","twitter_card":"summary_large_image","twitter_misc":{"Gesch\u00e4tzte Lesezeit":"4\u00a0Minuten"},"schema":{"@context":"https:\/\/schema.org","@graph":[{"@type":"WebPage","@id":"https:\/\/fairrubber.org\/de\/privacy-policy\/","url":"https:\/\/fairrubber.org\/de\/privacy-policy\/","name":"Privacy Policy | FAIR RUBBER","isPartOf":{"@id":"https:\/\/fairrubber.org\/#website"},"datePublished":"2020-11-17T03:32:52+00:00","dateModified":"2021-05-17T06:35:38+00:00","breadcrumb":{"@id":"https:\/\/fairrubber.org\/de\/privacy-policy\/#breadcrumb"},"inLanguage":"de","potentialAction":[{"@type":"ReadAction","target":["https:\/\/fairrubber.org\/de\/privacy-policy\/"]}]},{"@type":"BreadcrumbList","@id":"https:\/\/fairrubber.org\/de\/privacy-policy\/#breadcrumb","itemListElement":[{"@type":"ListItem","position":1,"name":"Home","item":"https:\/\/fairrubber.org\/"},{"@type":"ListItem","position":2,"name":"Privacy Policy"}]},{"@type":"WebSite","@id":"https:\/\/fairrubber.org\/#website","url":"https:\/\/fairrubber.org\/","name":"FAIR RUBBER","description":"","publisher":{"@id":"https:\/\/fairrubber.org\/#organization"},"potentialAction":[{"@type":"SearchAction","target":{"@type":"EntryPoint","urlTemplate":"https:\/\/fairrubber.org\/?s={search_term_string}"},"query-input":{"@type":"PropertyValueSpecification","valueRequired":true,"valueName":"search_term_string"}}],"inLanguage":"de"},{"@type":"Organization","@id":"https:\/\/fairrubber.org\/#organization","name":"Fair Rubber","url":"https:\/\/fairrubber.org\/","logo":{"@type":"ImageObject","inLanguage":"de","@id":"https:\/\/fairrubber.org\/#\/schema\/logo\/image\/","url":"https:\/\/fairrubber.org\/wp-content\/uploads\/2021\/03\/download-2.png","contentUrl":"https:\/\/fairrubber.org\/wp-content\/uploads\/2021\/03\/download-2.png","width":306,"height":318,"caption":"Fair Rubber"},"image":{"@id":"https:\/\/fairrubber.org\/#\/schema\/logo\/image\/"},"sameAs":["https:\/\/www.facebook.com\/fairrubber\/?fref=ts"]}]}},"_links":{"self":[{"href":"https:\/\/fairrubber.org\/de\/wp-json\/wp\/v2\/pages\/3","targetHints":{"allow":["GET"]}}],"collection":[{"href":"https:\/\/fairrubber.org\/de\/wp-json\/wp\/v2\/pages"}],"about":[{"href":"https:\/\/fairrubber.org\/de\/wp-json\/wp\/v2\/types\/page"}],"author":[{"embeddable":true,"href":"https:\/\/fairrubber.org\/de\/wp-json\/wp\/v2\/users\/3"}],"replies":[{"embeddable":true,"href":"https:\/\/fairrubber.org\/de\/wp-json\/wp\/v2\/comments?post=3"}],"version-history":[{"count":31,"href":"https:\/\/fairrubber.org\/de\/wp-json\/wp\/v2\/pages\/3\/revisions"}],"predecessor-version":[{"id":5567,"href":"https:\/\/fairrubber.org\/de\/wp-json\/wp\/v2\/pages\/3\/revisions\/5567"}],"wp:attachment":[{"href":"https:\/\/fairrubber.org\/de\/wp-json\/wp\/v2\/media?parent=3"}],"curies":[{"name":"wp","href":"https:\/\/api.w.org\/{rel}","templated":true}]}}